{"id":874,"date":"2026-01-16T10:27:47","date_gmt":"2026-01-16T10:27:47","guid":{"rendered":"https:\/\/themes.potenzaglobalsolutions.com\/hire-hive\/?page_id=874"},"modified":"2026-04-16T21:41:29","modified_gmt":"2026-04-16T18:41:29","slug":"contacteaza-ne","status":"publish","type":"page","link":"https:\/\/www.peoplepartner.md\/ro\/contact-us\/","title":{"rendered":"Contact"},"content":{"rendered":"<div data-elementor-type=\"wp-page\" data-elementor-id=\"874\" class=\"elementor elementor-874\">\n\t\t\t\t<div class=\"elementor-element elementor-element-61e22f7 e-flex e-con-boxed e-con e-parent\" data-id=\"61e22f7\" data-element_type=\"container\" data-e-type=\"container\">\n\t\t\t\t\t<div class=\"e-con-inner\">\n\t\t<div class=\"elementor-element elementor-element-7f8fb5f e-con-full animated-slow e-flex elementor-invisible e-con e-child\" data-id=\"7f8fb5f\" data-element_type=\"container\" data-e-type=\"container\" data-settings=\"{&quot;animation&quot;:&quot;fadeInUp&quot;,&quot;animation_delay&quot;:100}\">\n\t\t\t\t<div class=\"elementor-element elementor-element-b4c9b37 elementor-invisible elementor-widget elementor-widget-heading\" data-id=\"b4c9b37\" data-element_type=\"widget\" data-e-type=\"widget\" data-settings=\"{&quot;_animation&quot;:&quot;fadeInUp&quot;,&quot;_animation_delay&quot;:100}\" data-widget_type=\"heading.default\">\n\t\t\t\t\t<div class=\"pgs-el-heading-wrapper pgs-el-heading-align-left pgs-el-heading-animation-effect-1\">\t\t\t\t<div class=\"elementor-heading-subtitle\">\n\t\t\t\t\t\t\t\t\t\t\t<span class=\"elementor-heading-subtitle-text\">\/\/ Contacteaz\u0103-ne<\/span>\n\t\t\t\t\t\t\t\t\t\t<\/div>\n\t\t\t\t<h1 class=\"elementor-heading-title elementor-size-default\">Ai \u00eentreb\u0103ri?<\/h1><\/div>\t\t\t\t<\/div>\n\t\t\t\t<div class=\"elementor-element elementor-element-443c6e1 elementor-invisible elementor-widget elementor-widget-pgsel_social-profiles-2\" data-id=\"443c6e1\" data-element_type=\"widget\" data-e-type=\"widget\" data-settings=\"{&quot;_animation&quot;:&quot;fadeInUp&quot;,&quot;_animation_delay&quot;:300}\" data-widget_type=\"pgsel_social-profiles-2.default\">\n\t\t\t\t<div class=\"elementor-widget-container\">\n\t\t\t\t\t<div class=\"pgsel_social-profiles-2_wrapper\">\n\t<div class=\"social-profile-wrapper socpro2-wrapper socpro2-style--classic socpro2-direction-horizontal socpro2-title-position-left socpro2-name-position-left socpro2-icon-colors-custom socpro2-icon-shape-flat socpro2-without-title\">\n\t\t\t\t<ul class=\"social-profiles\">\n\t\t\t\t\t\t\t<li class=\"social-profile social-profile-instagram\">\n\t\t\t\t\t<a href=\"https:\/\/www.instagram.com\/peoplepartner.md\" target=\"_blank\">\n\t\t\t\t\t\t\t\t\t\t\t\t\t<span class=\"service-icon\"><i class=\"fa-brands fa-instagram\"><\/i><\/span>\n\t\t\t\t\t\t\t\t\t\t\t\t<\/a>\n\t\t\t\t<\/li>\n\t\t\t\t\t\t\t\t<li class=\"social-profile social-profile-facebook\">\n\t\t\t\t\t<a href=\"https:\/\/www.facebook.com\/peoplepartnermd\" target=\"_blank\">\n\t\t\t\t\t\t\t\t\t\t\t\t\t<span class=\"service-icon\"><i class=\"fa-brands fa-facebook\"><\/i><\/span>\n\t\t\t\t\t\t\t\t\t\t\t\t<\/a>\n\t\t\t\t<\/li>\n\t\t\t\t\t\t\t\t<li class=\"social-profile social-profile-linkedin\">\n\t\t\t\t\t<a href=\"https:\/\/www.linkedin.com\/company\/peoplepartnermd\/\" target=\"_blank\">\n\t\t\t\t\t\t\t\t\t\t\t\t\t<span class=\"service-icon\"><i class=\"fa-brands fa-linkedin\"><\/i><\/span>\n\t\t\t\t\t\t\t\t\t\t\t\t<\/a>\n\t\t\t\t<\/li>\n\t\t\t\t\t\t<\/ul>\n\t<\/div>\n<\/div>\n\t\t\t\t<\/div>\n\t\t\t\t<\/div>\n\t\t\t\t<\/div>\n\t\t<div class=\"elementor-element elementor-element-83310de e-con-full e-grid e-con e-child\" data-id=\"83310de\" data-element_type=\"container\" data-e-type=\"container\">\n\t\t\t\t<div class=\"elementor-element elementor-element-75a31de elementor-view-stacked elementor-shape-rounded elementor-position-inline-start elementor-mobile-position-inline-start elementor-invisible elementor-widget elementor-widget-icon-box\" data-id=\"75a31de\" data-element_type=\"widget\" data-e-type=\"widget\" data-settings=\"{&quot;_animation&quot;:&quot;fadeInUp&quot;,&quot;_animation_delay&quot;:100}\" data-widget_type=\"icon-box.default\">\n\t\t\t\t\t\t\t<div class=\"elementor-icon-box-wrapper\">\n\n\t\t\t\t\t\t<div class=\"elementor-icon-box-icon\">\n\t\t\t\t<span  class=\"elementor-icon elementor-animation-wobble-skew\">\n\t\t\t\t<i aria-hidden=\"true\" class=\"ti ti-location-pin\"><\/i>\t\t\t\t<\/span>\n\t\t\t<\/div>\n\t\t\t\n\t\t\t\t\t\t<div class=\"elementor-icon-box-content\">\n\n\t\t\t\t\t\t\t\t\t<h3 class=\"elementor-icon-box-title\">\n\t\t\t\t\t\t<span  >\n\t\t\t\t\t\t\tAdres\u0103\t\t\t\t\t\t<\/span>\n\t\t\t\t\t<\/h3>\n\t\t\t\t\n\t\t\t\t\t\t\t\t\t<p class=\"elementor-icon-box-description\">\n\t\t\t\t\t\tBulevardul Decebal 80, Chi\u0219in\u0103u, Republica Moldova\t\t\t\t\t<\/p>\n\t\t\t\t\n\t\t\t<\/div>\n\t\t\t\n\t\t<\/div>\n\t\t\t\t\t\t<\/div>\n\t\t\t\t<div class=\"elementor-element elementor-element-265aa9f elementor-view-stacked elementor-shape-rounded elementor-position-inline-start elementor-mobile-position-inline-start elementor-invisible elementor-widget elementor-widget-icon-box\" data-id=\"265aa9f\" data-element_type=\"widget\" data-e-type=\"widget\" data-settings=\"{&quot;_animation&quot;:&quot;fadeInUp&quot;,&quot;_animation_delay&quot;:700}\" data-widget_type=\"icon-box.default\">\n\t\t\t\t\t\t\t<div class=\"elementor-icon-box-wrapper\">\n\n\t\t\t\t\t\t<div class=\"elementor-icon-box-icon\">\n\t\t\t\t<span  class=\"elementor-icon elementor-animation-wobble-skew\">\n\t\t\t\t<i aria-hidden=\"true\" class=\"bi bi-telephone-outbound\"><\/i>\t\t\t\t<\/span>\n\t\t\t<\/div>\n\t\t\t\n\t\t\t\t\t\t<div class=\"elementor-icon-box-content\">\n\n\t\t\t\t\t\t\t\t\t<h3 class=\"elementor-icon-box-title\">\n\t\t\t\t\t\t<span  >\n\t\t\t\t\t\t\tTelefon\t\t\t\t\t\t<\/span>\n\t\t\t\t\t<\/h3>\n\t\t\t\t\n\t\t\t\t\t\t\t\t\t<p class=\"elementor-icon-box-description\">\n\t\t\t\t\t\t+(373) 76 500 600\t\t\t\t\t<\/p>\n\t\t\t\t\n\t\t\t<\/div>\n\t\t\t\n\t\t<\/div>\n\t\t\t\t\t\t<\/div>\n\t\t\t\t<div class=\"elementor-element elementor-element-f5a7b1d elementor-view-stacked elementor-shape-rounded elementor-position-inline-start elementor-mobile-position-inline-start elementor-invisible elementor-widget elementor-widget-icon-box\" data-id=\"f5a7b1d\" data-element_type=\"widget\" data-e-type=\"widget\" data-settings=\"{&quot;_animation&quot;:&quot;fadeInUp&quot;,&quot;_animation_delay&quot;:500}\" data-widget_type=\"icon-box.default\">\n\t\t\t\t\t\t\t<div class=\"elementor-icon-box-wrapper\">\n\n\t\t\t\t\t\t<div class=\"elementor-icon-box-icon\">\n\t\t\t\t<span  class=\"elementor-icon elementor-animation-wobble-skew\">\n\t\t\t\t<i aria-hidden=\"true\" class=\"bi bi-envelope-plus\"><\/i>\t\t\t\t<\/span>\n\t\t\t<\/div>\n\t\t\t\n\t\t\t\t\t\t<div class=\"elementor-icon-box-content\">\n\n\t\t\t\t\t\t\t\t\t<h3 class=\"elementor-icon-box-title\">\n\t\t\t\t\t\t<span  >\n\t\t\t\t\t\t\tEmail\t\t\t\t\t\t<\/span>\n\t\t\t\t\t<\/h3>\n\t\t\t\t\n\t\t\t\t\t\t\t\t\t<p class=\"elementor-icon-box-description\">\n\t\t\t\t\t\toffice@peoplepartner.md\t\t\t\t\t<\/p>\n\t\t\t\t\n\t\t\t<\/div>\n\t\t\t\n\t\t<\/div>\n\t\t\t\t\t\t<\/div>\n\t\t\t\t<\/div>\n\t\t\t\t\t<\/div>\n\t\t\t\t<\/div>\n\t\t<div class=\"elementor-element elementor-element-d230f55 e-con-full e-flex e-con e-parent\" data-id=\"d230f55\" data-element_type=\"container\" data-e-type=\"container\">\n\t\t<div class=\"elementor-element elementor-element-6f18587 e-flex e-con-boxed e-con e-child\" data-id=\"6f18587\" data-element_type=\"container\" data-e-type=\"container\" data-settings=\"{&quot;background_background&quot;:&quot;classic&quot;}\">\n\t\t\t\t\t<div class=\"e-con-inner\">\n\t\t<div class=\"elementor-element elementor-element-702d2e5 e-con-full e-flex e-con e-child\" data-id=\"702d2e5\" data-element_type=\"container\" data-e-type=\"container\">\n\t\t\t\t<div class=\"elementor-element elementor-element-9c727c8 elementor-invisible elementor-widget elementor-widget-heading\" data-id=\"9c727c8\" data-element_type=\"widget\" data-e-type=\"widget\" data-settings=\"{&quot;_animation&quot;:&quot;fadeInUp&quot;,&quot;_animation_delay&quot;:100}\" data-widget_type=\"heading.default\">\n\t\t\t\t\t<div class=\"pgs-el-heading-wrapper pgs-el-heading-align-left pgs-el-heading-animation-effect-1\">\t\t\t\t<div class=\"elementor-heading-subtitle\">\n\t\t\t\t\t\t\t\t\t\t\t<span class=\"elementor-heading-subtitle-text\">\/\/ Ia leg\u0103tura cu echipa noastr\u0103<\/span>\n\t\t\t\t\t\t\t\t\t\t<\/div>\n\t\t\t\t<h2 class=\"elementor-heading-title elementor-size-default\">Ai nevoie de ajutor?\nCompleteaz\u0103 formularul<\/h2><\/div>\t\t\t\t<\/div>\n\t\t\t\t<div class=\"elementor-element elementor-element-71e11ad elementor-invisible elementor-widget elementor-widget-text-editor\" data-id=\"71e11ad\" data-element_type=\"widget\" data-e-type=\"widget\" data-settings=\"{&quot;_animation&quot;:&quot;fadeInUp&quot;,&quot;_animation_delay&quot;:300}\" data-widget_type=\"text-editor.default\">\n\t\t\t\t\t\t\t\t\t<p>Fie c\u0103 vrei s\u0103 angajezi sau \u00ee\u021bi cau\u021bi un job, suntem aici s\u0103 te ajut\u0103m.<\/p>\t\t\t\t\t\t\t\t<\/div>\n\t\t\t\t<div class=\"elementor-element elementor-element-61c04ac elementor-invisible elementor-widget elementor-widget-google_maps\" data-id=\"61c04ac\" data-element_type=\"widget\" data-e-type=\"widget\" data-settings=\"{&quot;_animation&quot;:&quot;fadeInUp&quot;,&quot;_animation_delay&quot;:500}\" data-widget_type=\"google_maps.default\">\n\t\t\t\t\t\t\t<div class=\"elementor-custom-embed\">\n\t\t\t<iframe loading=\"lazy\"\n\t\t\t\t\tsrc=\"https:\/\/maps.google.com\/maps?q=Bulevardul%20Decebal%2080%2C%20Chisinau%2C%20Republic%20of%20Moldova&#038;t=m&#038;z=15&#038;output=embed&#038;iwloc=near\"\n\t\t\t\t\ttitle=\"Bulevardul Decebal 80, Chi\u0219in\u0103u, Republica Moldova\"\n\t\t\t\t\taria-label=\"Bulevardul Decebal 80, Chi\u0219in\u0103u, Republica Moldova\"\n\t\t\t><\/iframe>\n\t\t<\/div>\n\t\t\t\t\t\t<\/div>\n\t\t\t\t<\/div>\n\t\t<div class=\"elementor-element elementor-element-54985ce e-con-full animated-slow e-flex elementor-invisible e-con e-child\" data-id=\"54985ce\" data-element_type=\"container\" data-e-type=\"container\" data-settings=\"{&quot;animation&quot;:&quot;fadeInUp&quot;,&quot;animation_delay&quot;:300}\">\n\t\t\t\t<div class=\"elementor-element elementor-element-d88fe02 elementor-invisible elementor-widget elementor-widget-heading\" data-id=\"d88fe02\" data-element_type=\"widget\" data-e-type=\"widget\" data-settings=\"{&quot;_animation&quot;:&quot;fadeInUp&quot;,&quot;_animation_delay&quot;:100}\" data-widget_type=\"heading.default\">\n\t\t\t\t\t<div class=\"pgs-el-heading-wrapper pgs-el-heading-align-left pgs-el-heading-animation-none\"><h3 class=\"elementor-heading-title elementor-size-default\">Scrie-ne<\/h3><\/div>\t\t\t\t<\/div>\n\t\t\t\t<div class=\"elementor-element elementor-element-e7a7cc1 elementor-invisible elementor-widget elementor-widget-text-editor\" data-id=\"e7a7cc1\" data-element_type=\"widget\" data-e-type=\"widget\" data-settings=\"{&quot;_animation&quot;:&quot;fadeInUp&quot;,&quot;_animation_delay&quot;:300}\" data-widget_type=\"text-editor.default\">\n\t\t\t\t\t\t\t\t\t<p>Spune-ne cum te putem ajuta, iar noi revenim c\u00e2t mai cur\u00e2nd cu informa\u021biile \u0219i suportul de care ai nevoie.<\/p>\t\t\t\t\t\t\t\t<\/div>\n\t\t\t\t<div class=\"elementor-element elementor-element-8206515 elementor-invisible elementor-widget elementor-widget-pgsel_cf7-form\" data-id=\"8206515\" data-element_type=\"widget\" data-e-type=\"widget\" data-settings=\"{&quot;_animation&quot;:&quot;fadeInUp&quot;,&quot;_animation_delay&quot;:500}\" data-widget_type=\"pgsel_cf7-form.default\">\n\t\t\t\t<div class=\"elementor-widget-container\">\n\t\t\t\t\t<div class=\"pgsel_cf7-form_wrapper\">\n\t<div class=\"custom-form-widget form-full-bottom button-type-default\">\n<div class=\"wpcf7 no-js\" id=\"wpcf7-f8319-o1\" lang=\"en-US\" dir=\"ltr\" data-wpcf7-id=\"8319\">\n<div class=\"screen-reader-response\"><p role=\"status\" aria-live=\"polite\" aria-atomic=\"true\"><\/p> <ul><\/ul><\/div>\n<form action=\"\/ro\/wp-json\/wp\/v2\/pages\/874#wpcf7-f8319-o1\" method=\"post\" class=\"wpcf7-form init pgsel-contact-form-1-2\" aria-label=\"Contact form\" novalidate=\"novalidate\" data-status=\"init\" data-trp-original-action=\"\/ro\/wp-json\/wp\/v2\/pages\/874#wpcf7-f8319-o1\">\n<fieldset class=\"hidden-fields-container\"><input type=\"hidden\" name=\"_wpcf7\" value=\"8319\" \/><input type=\"hidden\" name=\"_wpcf7_version\" value=\"6.1.5\" \/><input type=\"hidden\" name=\"_wpcf7_locale\" value=\"en_US\" \/><input type=\"hidden\" name=\"_wpcf7_unit_tag\" value=\"wpcf7-f8319-o1\" \/><input type=\"hidden\" name=\"_wpcf7_container_post\" value=\"0\" \/><input type=\"hidden\" name=\"_wpcf7_posted_data_hash\" value=\"\" \/>\n<\/fieldset>\n<div class=\"row\">\n\t<div class=\"col-md-6\">\n\t\t<p><span class=\"wpcf7-form-control-wrap\" data-name=\"first-name\"><input size=\"40\" maxlength=\"400\" class=\"wpcf7-form-control wpcf7-text wpcf7-validates-as-required\" aria-required=\"true\" aria-invalid=\"false\" placeholder=\"Prenume*\" value=\"\" type=\"text\" name=\"first-name\" \/><\/span>\n\t\t<\/p>\n\t<\/div>\n\t<div class=\"col-md-6\">\n\t\t<p><span class=\"wpcf7-form-control-wrap\" data-name=\"last-name\"><input size=\"40\" maxlength=\"400\" class=\"wpcf7-form-control wpcf7-text wpcf7-validates-as-required\" aria-required=\"true\" aria-invalid=\"false\" placeholder=\"Nume*\" value=\"\" type=\"text\" name=\"last-name\" \/><\/span>\n\t\t<\/p>\n\t<\/div>\n\t<div class=\"col-md-6\">\n\t\t<p><span class=\"wpcf7-form-control-wrap\" data-name=\"your-email\"><input size=\"40\" maxlength=\"400\" class=\"wpcf7-form-control wpcf7-email wpcf7-validates-as-required wpcf7-text wpcf7-validates-as-email\" aria-required=\"true\" aria-invalid=\"false\" placeholder=\"Email*\" value=\"\" type=\"email\" name=\"your-email\" \/><\/span>\n\t\t<\/p>\n\t<\/div>\n\t<div class=\"col-md-6\">\n\t\t<p><span class=\"wpcf7-form-control-wrap\" data-name=\"tel-56\"><input size=\"40\" maxlength=\"400\" class=\"wpcf7-form-control wpcf7-tel wpcf7-validates-as-required wpcf7-text wpcf7-validates-as-tel\" aria-required=\"true\" aria-invalid=\"false\" placeholder=\"Telefon*\" value=\"\" type=\"tel\" name=\"tel-56\" \/><\/span>\n\t\t<\/p>\n\t<\/div>\n\t<div class=\"col-md-12\">\n\t\t<p><span class=\"wpcf7-form-control-wrap\" data-name=\"your-message\"><textarea cols=\"10\" rows=\"4\" maxlength=\"2000\" class=\"wpcf7-form-control wpcf7-textarea\" aria-invalid=\"false\" placeholder=\"Mesaj\" name=\"your-message\"><\/textarea><\/span>\n\t\t<\/p>\n\t<\/div>\n\t<div class=\"col-md-12 d-block\">\n\t\t<p><input class=\"wpcf7-form-control wpcf7-submit has-spinner w-100\" type=\"submit\" value=\"Ia leg\u0103tura cu echipa noastr\u0103\" \/>\n\t\t<\/p>\n\t<\/div>\n\t<div class=\"col-md-12\">\n\t\t<p><span class=\"wpcf7-form-control-wrap\" data-name=\"gdpr-consent\"><span class=\"wpcf7-form-control wpcf7-acceptance\"><span class=\"wpcf7-list-item\"><label><input type=\"checkbox\" name=\"gdpr-consent\" value=\"1\" aria-invalid=\"false\" \/><span class=\"wpcf7-list-item-label\">Am citit <a href=\"\/ro\/peoplepartner\/politica-de-confidentialitate\/\" target=\"_blank\">Politica de confiden\u021bialitate<\/a> \u0219i sunt de acord cu prelucrarea datelor mele personale.<\/span><\/label><\/span><\/span><\/span>\n\t\t<\/p>\n\t<\/div>\n<\/div><div class=\"wpcf7-response-output\" aria-hidden=\"true\"><\/div>\n<input type=\"hidden\" name=\"trp-form-language\" value=\"ro\"\/><\/form>\n<\/div>\n<\/div>\n<\/div>\n\t\t\t\t<\/div>\n\t\t\t\t<\/div>\n\t\t\t\t<\/div>\n\t\t\t\t\t<\/div>\n\t\t\t\t<\/div>\n\t\t\t\t<\/div>\n\t\t\t\t<\/div>","protected":false},"excerpt":{"rendered":"<p>\/\/ Contact us Now! Have Any Questions? Address Bulevardul Decebal 80, Chisinau, Republic of Moldova Phone Number +(373) 76 500 600 Email Us office@peoplepartner.md \/\/ Contact our team Need assistance? Please fill the form Whether you&#8217;re looking to hire or searching for a job, we\u2019re here to help. Get In Touch Reach out to our [&hellip;]<\/p>\n","protected":false},"author":1,"featured_media":0,"parent":0,"menu_order":0,"comment_status":"closed","ping_status":"closed","template":"elementor_header_footer","meta":{"_acf_changed":false,"footnotes":""},"class_list":["post-874","page","type-page","status-publish","hentry"],"acf":[],"yoast_head":"<!-- This site is optimized with the Yoast SEO plugin v27.4 - https:\/\/yoast.com\/product\/yoast-seo-wordpress\/ -->\n<title>Contact People Partner | Recruitment Agency Moldova<\/title>\n<meta name=\"description\" content=\"Contact People Partner, your trusted recruitment agency in Moldova. Get in touch for hiring solutions, international workforce services, or HR support tailored to your business needs.\" \/>\n<meta name=\"robots\" content=\"index, follow, max-snippet:-1, max-image-preview:large, max-video-preview:-1\" \/>\n<link rel=\"canonical\" href=\"https:\/\/www.peoplepartner.md\/ro\/contacteaza-ne\/\" \/>\n<meta property=\"og:locale\" content=\"ro_RO\" \/>\n<meta property=\"og:type\" content=\"article\" \/>\n<meta property=\"og:title\" content=\"Contact People Partner | Recruitment Agency Moldova\" \/>\n<meta property=\"og:description\" content=\"Contact People Partner, your trusted recruitment agency in Moldova. Get in touch for hiring solutions, international workforce services, or HR support tailored to your business needs.\" \/>\n<meta property=\"og:url\" content=\"https:\/\/www.peoplepartner.md\/ro\/contacteaza-ne\/\" \/>\n<meta property=\"og:site_name\" content=\"People Partner\" \/>\n<meta property=\"article:modified_time\" content=\"2026-04-16T18:41:29+00:00\" \/>\n<meta name=\"twitter:card\" content=\"summary_large_image\" \/>\n<meta name=\"twitter:label1\" content=\"Timp estimat pentru citire\" \/>\n\t<meta name=\"twitter:data1\" content=\"1 minut\" \/>\n<script type=\"application\/ld+json\" class=\"yoast-schema-graph\">{\"@context\":\"https:\\\/\\\/schema.org\",\"@graph\":[{\"@type\":\"WebPage\",\"@id\":\"https:\\\/\\\/www.peoplepartner.md\\\/ro\\\/contact-us\\\/\",\"url\":\"https:\\\/\\\/www.peoplepartner.md\\\/ro\\\/contact-us\\\/\",\"name\":\"Contact People Partner | Recruitment Agency Moldova\",\"isPartOf\":{\"@id\":\"https:\\\/\\\/www.peoplepartner.md\\\/#website\"},\"datePublished\":\"2026-01-16T10:27:47+00:00\",\"dateModified\":\"2026-04-16T18:41:29+00:00\",\"description\":\"Contact People Partner, your trusted recruitment agency in Moldova. Get in touch for hiring solutions, international workforce services, or HR support tailored to your business needs.\",\"breadcrumb\":{\"@id\":\"https:\\\/\\\/www.peoplepartner.md\\\/ro\\\/contact-us\\\/#breadcrumb\"},\"inLanguage\":\"ro-RO\",\"potentialAction\":[{\"@type\":\"ReadAction\",\"target\":[\"https:\\\/\\\/www.peoplepartner.md\\\/ro\\\/contact-us\\\/\"]}]},{\"@type\":\"BreadcrumbList\",\"@id\":\"https:\\\/\\\/www.peoplepartner.md\\\/ro\\\/contact-us\\\/#breadcrumb\",\"itemListElement\":[{\"@type\":\"ListItem\",\"position\":1,\"name\":\"Home\",\"item\":\"https:\\\/\\\/www.peoplepartner.md\\\/\"},{\"@type\":\"ListItem\",\"position\":2,\"name\":\"Contact Us\"}]},{\"@type\":\"WebSite\",\"@id\":\"https:\\\/\\\/www.peoplepartner.md\\\/#website\",\"url\":\"https:\\\/\\\/www.peoplepartner.md\\\/\",\"name\":\"PeoplePartner.md Agen\u021bie HR | Recrutare de personal \u00een Chi\u0219in\u0103u, Moldova\",\"description\":\"\",\"publisher\":{\"@id\":\"https:\\\/\\\/www.peoplepartner.md\\\/#organization\"},\"potentialAction\":[{\"@type\":\"SearchAction\",\"target\":{\"@type\":\"EntryPoint\",\"urlTemplate\":\"https:\\\/\\\/www.peoplepartner.md\\\/?s={search_term_string}\"},\"query-input\":{\"@type\":\"PropertyValueSpecification\",\"valueRequired\":true,\"valueName\":\"search_term_string\"}}],\"inLanguage\":\"ro-RO\"},{\"@type\":\"Organization\",\"@id\":\"https:\\\/\\\/www.peoplepartner.md\\\/#organization\",\"name\":\"People Partner\",\"alternateName\":\"PeoplePartner\",\"url\":\"https:\\\/\\\/www.peoplepartner.md\\\/\",\"logo\":{\"@type\":\"ImageObject\",\"inLanguage\":\"ro-RO\",\"@id\":\"https:\\\/\\\/www.peoplepartner.md\\\/#\\\/schema\\\/logo\\\/image\\\/\",\"url\":\"https:\\\/\\\/www.peoplepartner.md\\\/wp-content\\\/uploads\\\/2026\\\/04\\\/logo_peoplepartner_green.svg\",\"contentUrl\":\"https:\\\/\\\/www.peoplepartner.md\\\/wp-content\\\/uploads\\\/2026\\\/04\\\/logo_peoplepartner_green.svg\",\"width\":1920,\"height\":624,\"caption\":\"People Partner\"},\"image\":{\"@id\":\"https:\\\/\\\/www.peoplepartner.md\\\/#\\\/schema\\\/logo\\\/image\\\/\"}}]}<\/script>\n<!-- \/ Yoast SEO plugin. -->","yoast_head_json":{"title":"Contact People Partner | Agen\u021bie de Recrutare Moldova","description":"Contacteaz\u0103 People Partner pentru servicii de recrutare \u0219i solu\u021bii HR adaptate nevoilor companiei tale.","robots":{"index":"index","follow":"follow","max-snippet":"max-snippet:-1","max-image-preview":"max-image-preview:large","max-video-preview":"max-video-preview:-1"},"canonical":"https:\/\/www.peoplepartner.md\/ro\/contacteaza-ne\/","og_locale":"ro_RO","og_type":"article","og_title":"Contact People Partner | Recruitment Agency Moldova","og_description":"Contact People Partner, your trusted recruitment agency in Moldova. Get in touch for hiring solutions, international workforce services, or HR support tailored to your business needs.","og_url":"https:\/\/www.peoplepartner.md\/ro\/contacteaza-ne\/","og_site_name":"People Partner","article_modified_time":"2026-04-16T18:41:29+00:00","twitter_card":"summary_large_image","twitter_misc":{"Timp estimat pentru citire":"1 minut"},"schema":{"@context":"https:\/\/schema.org","@graph":[{"@type":"WebPage","@id":"https:\/\/www.peoplepartner.md\/ro\/contact-us\/","url":"https:\/\/www.peoplepartner.md\/ro\/contact-us\/","name":"Contact People Partner | Agen\u021bie de Recrutare Moldova","isPartOf":{"@id":"https:\/\/www.peoplepartner.md\/#website"},"datePublished":"2026-01-16T10:27:47+00:00","dateModified":"2026-04-16T18:41:29+00:00","description":"Contacteaz\u0103 People Partner pentru servicii de recrutare \u0219i solu\u021bii HR adaptate nevoilor companiei tale.","breadcrumb":{"@id":"https:\/\/www.peoplepartner.md\/ro\/contact-us\/#breadcrumb"},"inLanguage":"ro-RO","potentialAction":[{"@type":"ReadAction","target":["https:\/\/www.peoplepartner.md\/ro\/contact-us\/"]}]},{"@type":"BreadcrumbList","@id":"https:\/\/www.peoplepartner.md\/ro\/contact-us\/#breadcrumb","itemListElement":[{"@type":"ListItem","position":1,"name":"Home","item":"https:\/\/www.peoplepartner.md\/"},{"@type":"ListItem","position":2,"name":"Contact Us"}]},{"@type":"WebSite","@id":"https:\/\/www.peoplepartner.md\/#website","url":"https:\/\/www.peoplepartner.md\/","name":"PeoplePartner.md Agen\u021bie HR | Recrutare de personal \u00een Chi\u0219in\u0103u, Moldova","description":"","publisher":{"@id":"https:\/\/www.peoplepartner.md\/#organization"},"potentialAction":[{"@type":"SearchAction","target":{"@type":"EntryPoint","urlTemplate":"https:\/\/www.peoplepartner.md\/?s={search_term_string}"},"query-input":{"@type":"PropertyValueSpecification","valueRequired":true,"valueName":"search_term_string"}}],"inLanguage":"ro-RO"},{"@type":"Organization","@id":"https:\/\/www.peoplepartner.md\/#organization","name":"People Partner","alternateName":"PeoplePartner","url":"https:\/\/www.peoplepartner.md\/","logo":{"@type":"ImageObject","inLanguage":"ro-RO","@id":"https:\/\/www.peoplepartner.md\/#\/schema\/logo\/image\/","url":"https:\/\/www.peoplepartner.md\/wp-content\/uploads\/2026\/04\/logo_peoplepartner_green.svg","contentUrl":"https:\/\/www.peoplepartner.md\/wp-content\/uploads\/2026\/04\/logo_peoplepartner_green.svg","width":1920,"height":624,"caption":"People Partner"},"image":{"@id":"https:\/\/www.peoplepartner.md\/#\/schema\/logo\/image\/"}}]}},"_links":{"self":[{"href":"https:\/\/www.peoplepartner.md\/ro\/wp-json\/wp\/v2\/pages\/874","targetHints":{"allow":["GET"]}}],"collection":[{"href":"https:\/\/www.peoplepartner.md\/ro\/wp-json\/wp\/v2\/pages"}],"about":[{"href":"https:\/\/www.peoplepartner.md\/ro\/wp-json\/wp\/v2\/types\/page"}],"author":[{"embeddable":true,"href":"https:\/\/www.peoplepartner.md\/ro\/wp-json\/wp\/v2\/users\/1"}],"replies":[{"embeddable":true,"href":"https:\/\/www.peoplepartner.md\/ro\/wp-json\/wp\/v2\/comments?post=874"}],"version-history":[{"count":25,"href":"https:\/\/www.peoplepartner.md\/ro\/wp-json\/wp\/v2\/pages\/874\/revisions"}],"predecessor-version":[{"id":9615,"href":"https:\/\/www.peoplepartner.md\/ro\/wp-json\/wp\/v2\/pages\/874\/revisions\/9615"}],"wp:attachment":[{"href":"https:\/\/www.peoplepartner.md\/ro\/wp-json\/wp\/v2\/media?parent=874"}],"curies":[{"name":"wp","href":"https:\/\/api.w.org\/{rel}","templated":true}]}}